{"id":164,"date":"2020-04-07T14:43:15","date_gmt":"2020-04-07T17:43:15","guid":{"rendered":"http:\/\/paespneus.com.br\/?page_id=164"},"modified":"2020-04-07T15:40:04","modified_gmt":"2020-04-07T18:40:04","slug":"blogpaespneus","status":"publish","type":"page","link":"https:\/\/paespneus.com.br\/?page_id=164","title":{"rendered":"blogpaespneus"},"content":{"rendered":"\t\t<div data-elementor-type=\"wp-page\" data-elementor-id=\"164\" class=\"elementor elementor-164\" data-elementor-post-type=\"page\">\n\t\t\t\t\t\t\t\t\t<section class=\"elementor-section elementor-top-section elementor-element elementor-element-d428ead elementor-section-boxed elementor-section-height-default elementor-section-height-default\" data-id=\"d428ead\" data-element_type=\"section\">\n\t\t\t\t\t\t<div class=\"elementor-container elementor-column-gap-default\">\n\t\t\t\t\t<div class=\"elementor-column elementor-col-100 elementor-top-column elementor-element elementor-element-7bec08a\" data-id=\"7bec08a\" data-element_type=\"column\">\n\t\t\t<div class=\"elementor-widget-wrap elementor-element-populated\">\n\t\t\t\t\t\t\t\t<div class=\"elementor-element elementor-element-56fcd68 elementor-widget elementor-widget-heading\" data-id=\"56fcd68\" data-element_type=\"widget\" data-widget_type=\"heading.default\">\n\t\t\t\t<div class=\"elementor-widget-container\">\n\t\t\t<h1 class=\"elementor-heading-title elementor-size-default\">BLOG PAES PNEUS<\/h1>\t\t<\/div>\n\t\t\t\t<\/div>\n\t\t\t\t\t<\/div>\n\t\t<\/div>\n\t\t\t\t\t\t\t<\/div>\n\t\t<\/section>\n\t\t\t\t<section class=\"elementor-section elementor-top-section elementor-element elementor-element-6e70fdf elementor-section-boxed elementor-section-height-default elementor-section-height-default\" data-id=\"6e70fdf\" data-element_type=\"section\">\n\t\t\t\t\t\t<div class=\"elementor-container elementor-column-gap-default\">\n\t\t\t\t\t<div class=\"elementor-column elementor-col-100 elementor-top-column elementor-element elementor-element-54ae181\" data-id=\"54ae181\" data-element_type=\"column\">\n\t\t\t<div class=\"elementor-widget-wrap elementor-element-populated\">\n\t\t\t\t\t\t\t\t<div class=\"elementor-element elementor-element-5784d23 elementor-grid-3 elementor-grid-tablet-2 elementor-grid-mobile-1 elementor-posts--thumbnail-top elementor-posts__hover-gradient elementor-widget elementor-widget-posts\" data-id=\"5784d23\" data-element_type=\"widget\" data-settings=\"{&quot;cards_row_gap&quot;:{&quot;unit&quot;:&quot;px&quot;,&quot;size&quot;:20,&quot;sizes&quot;:[]},&quot;pagination_type&quot;:&quot;numbers_and_prev_next&quot;,&quot;cards_columns&quot;:&quot;3&quot;,&quot;cards_columns_tablet&quot;:&quot;2&quot;,&quot;cards_columns_mobile&quot;:&quot;1&quot;,&quot;cards_row_gap_tablet&quot;:{&quot;unit&quot;:&quot;px&quot;,&quot;size&quot;:&quot;&quot;,&quot;sizes&quot;:[]},&quot;cards_row_gap_mobile&quot;:{&quot;unit&quot;:&quot;px&quot;,&quot;size&quot;:&quot;&quot;,&quot;sizes&quot;:[]}}\" data-widget_type=\"posts.cards\">\n\t\t\t\t<div class=\"elementor-widget-container\">\n\t\t\t\t\t<div class=\"elementor-posts-container elementor-posts elementor-posts--skin-cards elementor-grid\">\n\t\t\t\t<article class=\"elementor-post elementor-grid-item post-92 post type-post status-publish format-standard has-post-thumbnail hentry category-blog-paes-pneus\">\n\t\t\t<div class=\"elementor-post__card\">\n\t\t\t\t<a class=\"elementor-post__thumbnail__link\" href=\"https:\/\/paespneus.com.br\/?p=92\" ><div class=\"elementor-post__thumbnail\"><img loading=\"lazy\" width=\"300\" height=\"152\" src=\"https:\/\/paespneus.com.br\/wp-content\/uploads\/2020\/04\/recapagem-300x152.jpg\" class=\"attachment-medium size-medium wp-image-322\" alt=\"\" decoding=\"async\" srcset=\"https:\/\/paespneus.com.br\/wp-content\/uploads\/2020\/04\/recapagem-300x152.jpg 300w, https:\/\/paespneus.com.br\/wp-content\/uploads\/2020\/04\/recapagem.jpg 768w\" sizes=\"100vw\" \/><\/div><\/a>\n\t\t\t\t<div class=\"elementor-post__text\">\n\t\t\t\t<h3 class=\"elementor-post__title\">\n\t\t\t<a href=\"https:\/\/paespneus.com.br\/?p=92\" >\n\t\t\t\tQuando \u00e9 necess\u00e1rio fazer a recapagem do pneu?\t\t\t<\/a>\n\t\t<\/h3>\n\t\t\t\t<div class=\"elementor-post__excerpt\">\n\t\t\t<p>N\u00e3o \u00e9 poss\u00edvel afirmar com qual quilometragem voc\u00ea ter\u00e1 que recapar o pneu, pois tudo depende do solo, da qualidade do pneu, da forma que<\/p>\n\t\t<\/div>\n\t\t\n\t\t<a class=\"elementor-post__read-more\" href=\"https:\/\/paespneus.com.br\/?p=92\" aria-label=\"Read more about Quando \u00e9 necess\u00e1rio fazer a recapagem do pneu?\" >\n\t\t\tLEIA MAIS\t\t<\/a>\n\n\t\t\t\t<\/div>\n\t\t\t\t\t<\/div>\n\t\t<\/article>\n\t\t\t\t<article class=\"elementor-post elementor-grid-item post-90 post type-post status-publish format-standard has-post-thumbnail hentry category-blog-paes-pneus\">\n\t\t\t<div class=\"elementor-post__card\">\n\t\t\t\t<a class=\"elementor-post__thumbnail__link\" href=\"https:\/\/paespneus.com.br\/?p=90\" ><div class=\"elementor-post__thumbnail\"><img loading=\"lazy\" width=\"300\" height=\"173\" src=\"https:\/\/paespneus.com.br\/wp-content\/uploads\/2020\/04\/potencial-do-pneu-300x173.jpg\" class=\"attachment-medium size-medium wp-image-319\" alt=\"\" decoding=\"async\" srcset=\"https:\/\/paespneus.com.br\/wp-content\/uploads\/2020\/04\/potencial-do-pneu-300x173.jpg 300w, https:\/\/paespneus.com.br\/wp-content\/uploads\/2020\/04\/potencial-do-pneu-768x443.jpg 768w, https:\/\/paespneus.com.br\/wp-content\/uploads\/2020\/04\/potencial-do-pneu.jpg 780w\" sizes=\"100vw\" \/><\/div><\/a>\n\t\t\t\t<div class=\"elementor-post__text\">\n\t\t\t\t<h3 class=\"elementor-post__title\">\n\t\t\t<a href=\"https:\/\/paespneus.com.br\/?p=90\" >\n\t\t\t\tAproveito todo o potencial do seu pneu\t\t\t<\/a>\n\t\t<\/h3>\n\t\t\t\t<div class=\"elementor-post__excerpt\">\n\t\t\t<p>N\u00e3o tente prolongar a vida \u00fatil do seu pneu, a qualquer sinal de desgaste procure a Paes Pneus para fazer uma avalia\u00e7\u00e3o e a reforma<\/p>\n\t\t<\/div>\n\t\t\n\t\t<a class=\"elementor-post__read-more\" href=\"https:\/\/paespneus.com.br\/?p=90\" aria-label=\"Read more about Aproveito todo o potencial do seu pneu\" >\n\t\t\tLEIA MAIS\t\t<\/a>\n\n\t\t\t\t<\/div>\n\t\t\t\t\t<\/div>\n\t\t<\/article>\n\t\t\t\t<article class=\"elementor-post elementor-grid-item post-82 post type-post status-publish format-standard has-post-thumbnail hentry category-blog-paes-pneus\">\n\t\t\t<div class=\"elementor-post__card\">\n\t\t\t\t<a class=\"elementor-post__thumbnail__link\" href=\"https:\/\/paespneus.com.br\/?p=82\" ><div class=\"elementor-post__thumbnail\"><img loading=\"lazy\" width=\"300\" height=\"129\" src=\"https:\/\/paespneus.com.br\/wp-content\/uploads\/2020\/04\/pneu-blog-300x129.jpg\" class=\"attachment-medium size-medium wp-image-83\" alt=\"\" decoding=\"async\" srcset=\"https:\/\/paespneus.com.br\/wp-content\/uploads\/2020\/04\/pneu-blog-300x129.jpg 300w, https:\/\/paespneus.com.br\/wp-content\/uploads\/2020\/04\/pneu-blog-1024x440.jpg 1024w, https:\/\/paespneus.com.br\/wp-content\/uploads\/2020\/04\/pneu-blog-768x330.jpg 768w, https:\/\/paespneus.com.br\/wp-content\/uploads\/2020\/04\/pneu-blog.jpg 1365w\" sizes=\"100vw\" \/><\/div><\/a>\n\t\t\t\t<div class=\"elementor-post__text\">\n\t\t\t\t<h3 class=\"elementor-post__title\">\n\t\t\t<a href=\"https:\/\/paespneus.com.br\/?p=82\" >\n\t\t\t\tProfundidade dos sulcos do pneu, entenda por que cada mil\u00edmetro conta\t\t\t<\/a>\n\t\t<\/h3>\n\t\t\t\t<div class=\"elementor-post__excerpt\">\n\t\t\t<p>Programando pegar a estrada com a fam\u00edlia nas f\u00e9rias de julho? Ent\u00e3o responda r\u00e1pido: quando foi a \u00faltima vez que voc\u00ea prestou aten\u00e7\u00e3o na profundidade<\/p>\n\t\t<\/div>\n\t\t\n\t\t<a class=\"elementor-post__read-more\" href=\"https:\/\/paespneus.com.br\/?p=82\" aria-label=\"Read more about Profundidade dos sulcos do pneu, entenda por que cada mil\u00edmetro conta\" >\n\t\t\tLEIA MAIS\t\t<\/a>\n\n\t\t\t\t<\/div>\n\t\t\t\t\t<\/div>\n\t\t<\/article>\n\t\t\t\t<\/div>\n\t\t\n\t\t\t\t<\/div>\n\t\t\t\t<\/div>\n\t\t\t\t\t<\/div>\n\t\t<\/div>\n\t\t\t\t\t\t\t<\/div>\n\t\t<\/section>\n\t\t\t\t<section class=\"elementor-section elementor-top-section elementor-element elementor-element-0aa75ec elementor-section-boxed elementor-section-height-default elementor-section-height-default\" data-id=\"0aa75ec\" data-element_type=\"section\">\n\t\t\t\t\t\t<div class=\"elementor-container elementor-column-gap-default\">\n\t\t\t\t\t<div class=\"elementor-column elementor-col-100 elementor-top-column elementor-element elementor-element-024336b\" data-id=\"024336b\" data-element_type=\"column\">\n\t\t\t<div class=\"elementor-widget-wrap elementor-element-populated\">\n\t\t\t\t\t\t\t\t<div class=\"elementor-element elementor-element-eee9b7c elementor-align-center elementor-widget elementor-widget-button\" data-id=\"eee9b7c\" data-element_type=\"widget\" data-widget_type=\"button.default\">\n\t\t\t\t<div class=\"elementor-widget-container\">\n\t\t\t\t\t<div class=\"elementor-button-wrapper\">\n\t\t\t<a class=\"elementor-button elementor-button-link elementor-size-sm\" href=\"https:\/\/paespneus.com.br\">\n\t\t\t\t\t\t<span class=\"elementor-button-content-wrapper\">\n\t\t\t\t\t\t<span class=\"elementor-button-icon elementor-align-icon-left\">\n\t\t\t\t<i aria-hidden=\"true\" class=\"fas fa-chevron-left\"><\/i>\t\t\t<\/span>\n\t\t\t\t\t\t<span class=\"elementor-button-text\">VOLTAR PARA A P\u00c1GINA INICIAL<\/span>\n\t\t<\/span>\n\t\t\t\t\t<\/a>\n\t\t<\/div>\n\t\t\t\t<\/div>\n\t\t\t\t<\/div>\n\t\t\t\t\t<\/div>\n\t\t<\/div>\n\t\t\t\t\t\t\t<\/div>\n\t\t<\/section>\n\t\t\t\t\t\t\t<\/div>\n\t\t","protected":false},"excerpt":{"rendered":"<p>BLOG PAES PNEUS VOLTAR PARA A P\u00c1GINA INICIAL<\/p>\n","protected":false},"author":1,"featured_media":0,"parent":0,"menu_order":0,"comment_status":"closed","ping_status":"closed","template":"","meta":{"footnotes":""},"_links":{"self":[{"href":"https:\/\/paespneus.com.br\/index.php?rest_route=\/wp\/v2\/pages\/164"}],"collection":[{"href":"https:\/\/paespneus.com.br\/index.php?rest_route=\/wp\/v2\/pages"}],"about":[{"href":"https:\/\/paespneus.com.br\/index.php?rest_route=\/wp\/v2\/types\/page"}],"author":[{"embeddable":true,"href":"https:\/\/paespneus.com.br\/index.php?rest_route=\/wp\/v2\/users\/1"}],"replies":[{"embeddable":true,"href":"https:\/\/paespneus.com.br\/index.php?rest_route=%2Fwp%2Fv2%2Fcomments&post=164"}],"version-history":[{"count":8,"href":"https:\/\/paespneus.com.br\/index.php?rest_route=\/wp\/v2\/pages\/164\/revisions"}],"predecessor-version":[{"id":188,"href":"https:\/\/paespneus.com.br\/index.php?rest_route=\/wp\/v2\/pages\/164\/revisions\/188"}],"wp:attachment":[{"href":"https:\/\/paespneus.com.br\/index.php?rest_route=%2Fwp%2Fv2%2Fmedia&parent=164"}],"curies":[{"name":"wp","href":"https:\/\/api.w.org\/{rel}","templated":true}]}}